{"id":62,"date":"2023-03-08T10:34:31","date_gmt":"2023-03-08T09:34:31","guid":{"rendered":"http:\/\/solicim.fr\/?page_id=62"},"modified":"2024-08-07T16:05:58","modified_gmt":"2024-08-07T14:05:58","slug":"qui-suis-je","status":"publish","type":"page","link":"https:\/\/solicim.fr\/?page_id=62","title":{"rendered":"Faisons connaissance !"},"content":{"rendered":"\n<div class=\"wp-block-columns is-layout-flex wp-container-core-columns-is-layout-9d6595d7 wp-block-columns-is-layout-flex\">\n<div class=\"wp-block-column is-vertically-aligned-center is-layout-flow wp-block-column-is-layout-flow\">\n<h2 class=\"wp-block-heading\" style=\"font-size:30px;letter-spacing:0px\">Comment je suis pass\u00e9e de la Biologie &#8230;<\/h2>\n\n\n\n<p style=\"font-size:16px\">Apr\u00e8s des \u00e9tudes de Biologie, j&rsquo;ai travaill\u00e9 15 ans dans le domaine du traitement des eaux et du recyclage des d\u00e9chets, puis dans le domaine de la Qualit\u00e9. C&rsquo;est l\u00e0 que j&rsquo;ai commenc\u00e9 \u00e0 m&rsquo;int\u00e9resser au management en entreprise.<\/p>\n\n\n\n<p style=\"font-size:16px\">L&rsquo;arriv\u00e9e de mes 2 filles, et les questions qui se posaient \u00e0 moi concernant leur \u00e9ducation m&rsquo;ont amen\u00e9 \u00e0 me pencher s\u00e9rieusement sur les relations humaines et \u00e0 ce qu&rsquo;elles pouvaient engendrer comme difficult\u00e9s (tant dans la relation parent \/ enfant que dans la relation patron \/ salari\u00e9 par exemple).<\/p>\n\n\n\n<p style=\"font-size:16px\">J&rsquo;ai suivi les ateliers \u00ab\u00a0Parler pour que les enfants \u00e9coutent, \u00e9couter pour que les enfants parlent\u00a0\u00bb (A. Faber et E. Mazlish) et cela a clairement r\u00e9volutionn\u00e9 mon rapport aux autres, autant sur le plan professionnel que personnel. J&rsquo;ai d\u00e9couvert qu&rsquo;on pouvait nommer et accueillir les \u00e9motions, qu&rsquo;on pouvait faire coop\u00e9rer un enfant sans utiliser le syst\u00e8me carotte \/ b\u00e2ton (bien courant dans ma jeunesse), favoriser l&rsquo;autonomie d\u00e8s tr\u00e8s jeune, et r\u00e9soudre les conflits sans qu&rsquo;il y ait un perdant et un gagnant. J&rsquo;ai d\u00e9couvert la Communication Non Violente de Marshall B. Rosenberg et cela m&rsquo;a donn\u00e9 des outils pour appr\u00e9hender les relations d&rsquo;une mani\u00e8re totalement diff\u00e9rente de ce que je connaissais. Une r\u00e9volution personnelle\u2026<\/p>\n<\/div>\n\n\n\n<div class=\"wp-block-column is-layout-flow wp-block-column-is-layout-flow\">\n<figure class=\"wp-block-image size-large is-resized\"><img loading=\"lazy\" decoding=\"async\" width=\"1631\" height=\"1632\" src=\"https:\/\/solicim.fr\/wp-content\/uploads\/2024\/02\/caroline-Oberlin-therapie-breve-edited.jpg\" alt=\"\" class=\"wp-image-846\" title=\"Caroline Oberlin th\u00e9rapie br\u00e8ve syst\u00e9mique\" srcset=\"https:\/\/solicim.fr\/wp-content\/uploads\/2024\/02\/caroline-Oberlin-therapie-breve-edited.jpg 1631w, https:\/\/solicim.fr\/wp-content\/uploads\/2024\/02\/caroline-Oberlin-therapie-breve-edited-300x300.jpg 300w, https:\/\/solicim.fr\/wp-content\/uploads\/2024\/02\/caroline-Oberlin-therapie-breve-edited-1024x1024.jpg 1024w, https:\/\/solicim.fr\/wp-content\/uploads\/2024\/02\/caroline-Oberlin-therapie-breve-edited-150x150.jpg 150w, https:\/\/solicim.fr\/wp-content\/uploads\/2024\/02\/caroline-Oberlin-therapie-breve-edited-768x768.jpg 768w, https:\/\/solicim.fr\/wp-content\/uploads\/2024\/02\/caroline-Oberlin-therapie-breve-edited-1536x1536.jpg 1536w\" sizes=\"auto, (max-width: 1631px) 100vw, 1631px\" \/><\/figure>\n<\/div>\n<\/div>\n\n\n\n<p><\/p>\n\n\n\n<div class=\"wp-block-columns is-layout-flex wp-container-core-columns-is-layout-9d6595d7 wp-block-columns-is-layout-flex\">\n<div class=\"wp-block-column is-layout-flow wp-block-column-is-layout-flow\"><div class=\"wp-block-image\">\n<figure class=\"aligncenter size-large\"><img loading=\"lazy\" decoding=\"async\" width=\"1024\" height=\"683\" src=\"https:\/\/solicim.fr\/wp-content\/uploads\/2023\/04\/hands-gad4eb1a86_1920-1024x683.jpg\" alt=\"\" class=\"wp-image-254\" srcset=\"https:\/\/solicim.fr\/wp-content\/uploads\/2023\/04\/hands-gad4eb1a86_1920-1024x683.jpg 1024w, https:\/\/solicim.fr\/wp-content\/uploads\/2023\/04\/hands-gad4eb1a86_1920-300x200.jpg 300w, https:\/\/solicim.fr\/wp-content\/uploads\/2023\/04\/hands-gad4eb1a86_1920-768x512.jpg 768w, https:\/\/solicim.fr\/wp-content\/uploads\/2023\/04\/hands-gad4eb1a86_1920-1536x1025.jpg 1536w, https:\/\/solicim.fr\/wp-content\/uploads\/2023\/04\/hands-gad4eb1a86_1920.jpg 1920w\" sizes=\"auto, (max-width: 1024px) 100vw, 1024px\" \/><\/figure>\n<\/div><\/div>\n\n\n\n<div class=\"wp-block-column is-vertically-aligned-center is-layout-flow wp-block-column-is-layout-flow\">\n<h2 class=\"wp-block-heading\" style=\"font-size:30px;letter-spacing:0px\">&#8230; \u00e0 l&rsquo;accompagnement individuel<\/h2>\n\n\n\n<p style=\"font-size:16px\">Il m&rsquo;est paru alors \u00e9vident que le monde de l&rsquo;entreprise avait besoin de ces approches relationnelles et que je voulais mettre mon \u00e9nergie au service des relations humaines dans le monde professionnel. J&rsquo;ai repris mes \u00e9tudes pour passer un Master 2 \u00ab\u00a0Ressources Humaines et Organisations\u00a0\u00bb (IAE de Lyon). J&rsquo;ai pass\u00e9 les 12 ann\u00e9es qui ont suivi \u00e0 accompagner les salari\u00e9s et les managers \u00e0 d\u00e9velopper leur comp\u00e9tences et \u00e0 donner le meilleur d&rsquo;eux m\u00eame au sein de grand groupes, dont 8 ans dans le m\u00e9dico-social.<\/p>\n\n\n\n<p style=\"font-size:16px\">La crise du COVID et les chaos de la vie m&rsquo;ont amen\u00e9 \u00e0 repenser l&rsquo;utilit\u00e9 de cette mission et le constat a \u00e9t\u00e9 sans appel : je voulais \u00eatre utile bien plus directement et accompagner les personnes au plus pr\u00e8s de leur probl\u00e9matiques, dans un cadre libre pour eux et pour moi.<\/p>\n\n\n\n<p style=\"font-size:16px\">J&rsquo;ai donc repris mes \u00e9tudes (encore une fois!) et je me suis form\u00e9e \u00e0 l&rsquo;hypnose Ericksonnienne, \u00e0 l&rsquo;Approche Syst\u00e9mique (mod\u00e8le de Palo Alto) et \u00e0 la Th\u00e9rapie Br\u00e8ve Strat\u00e9gique.<\/p>\n\n\n\n<p style=\"font-size:16px\">Je suis \u00e9galement paire-aidante d&rsquo;une personne avec autisme, et je suis sp\u00e9cialis\u00e9e dans l&rsquo;accompagnement des personnes neuro-atypiques ou particuli\u00e8res : avec un HPI, un TSA (autisme), un TDAH&#8230;<\/p>\n<\/div>\n<\/div>\n\n\n\n<div class=\"wp-block-columns is-layout-flex wp-container-core-columns-is-layout-9d6595d7 wp-block-columns-is-layout-flex\">\n<div class=\"wp-block-column is-vertically-aligned-center is-layout-flow wp-block-column-is-layout-flow\">\n<h2 class=\"wp-block-heading\" style=\"font-size:30px;letter-spacing:0px\">Formations \/ certifications<\/h2>\n\n\n\n<p style=\"font-size:16px\">2024 : <strong>Animer des groupes de cod\u00e9veloppement professionnel et manag\u00e9rial  <\/strong><em>(CECODEV Centre Europ\u00e9en du Cod\u00e9veloppement professionnel et manag\u00e9rial)<\/em><\/p>\n\n\n\n<p style=\"font-size:16px\">2024 : <strong>Animer des Groupes d&rsquo;Analyse de la Pratique Professionnelle avec l&rsquo;approche syst\u00e9mique <\/strong><em>(IFR Palo Alto)<\/em><\/p>\n\n\n\n<p style=\"font-size:16px;font-style:normal;font-weight:400\">2024 : <strong>Mobiliser les outils de la th\u00e9rapie br\u00e8ve pour lutter contre le harc\u00e8lement scolaire <\/strong><em>(Format Ludique et Amanda Ma\u00eetre sp\u00e9cialis\u00e9e en souffrance scolaire)<\/em><\/p>\n\n\n\n<p style=\"font-size:16px;font-style:normal;font-weight:400\">2023 : <strong>Comprendre et accompagner l&rsquo;autisme au quotidien &#8211; formation de pairs aidants <\/strong><em>(Centre Alpin de Diagnostic Pr\u00e9coce de l&rsquo;Autisme)<\/em><\/p>\n\n\n\n<p style=\"font-size:16px;font-style:normal;font-weight:400\">2023\/24 : <strong>Pratiquer la th\u00e9rapie br\u00e8ve de mani\u00e8re intensive <\/strong><em>(IFR Palo Alto)<\/em><\/p>\n\n\n\n<p style=\"font-size:16px;font-style:normal;font-weight:400\">2023 : <strong>Certification Professionnelle \u00ab\u00a0Th\u00e9rapeute en th\u00e9rapie br\u00e8ve, syst\u00e9mique et strat\u00e9gique selon le mod\u00e8le de Palo Alto\u00a0\u00bb <\/strong><em>(IFR Palo Alto)<\/em><\/p>\n\n\n\n<p style=\"font-size:16px\">2022\/23 : <strong>Certification CFFFP\u00ae \u00ab\u00a0Accompagner un individu par l&rsquo;approche interactionnelle et strat\u00e9gique\u00a0\u00bb<\/strong> <em>(Elantiel)<\/em><\/p>\n\n\n\n<p style=\"font-size:16px\">2022\/23 : <strong>Certification professionnelle \u00ab\u00a0Praticienne en Hypnose Ericksonienne\u00a0\u00bb<\/strong> <em>(Damien Herroguez &#8211; hypnoth\u00e9rapeute)<\/em><\/p>\n\n\n\n<p style=\"font-size:16px\">2013 : <strong>Atelier \u00ab\u00a0Ecouter pour que les enfants parlent, parler pour que les enfants \u00e9coutent\u00a0\u00bb<\/strong> <em>(A.Faber et E.Mazlish)<\/em><\/p>\n\n\n\n<p style=\"font-size:16px\">2012 : <strong>Master 2 \u00ab\u00a0Ressources Humaines et Organisations\u00a0\u00bb<\/strong> <em>(IAE Lyon)<\/em><\/p>\n\n\n\n<p style=\"font-size:16px\"><strong>En continu : auto-formation <\/strong>(nombreux ouvrages, conf\u00e9rences, vid\u00e9os, co-visions)<\/p>\n\n\n\n<p><\/p>\n\n\n\n<p><\/p>\n<\/div>\n\n\n\n<div class=\"wp-block-column is-layout-flow wp-block-column-is-layout-flow\"><div id=\"js_widget\" class=\"ie-common-widget ie-reviews\">\n    <script type=\"text\/javascript\" src=\"https:\/\/www.psychologue.net\/widget\/review_extended?com=416048&amp;h=5c49be8766721dc8dcdec96f39cba1a3&amp;v=10\"><\/script><\/p>\n<div class=\"portal-by\">\n        <a id=\"js_portal_by\" href=\"https:\/\/www.psychologue.net?utm_source=416048&amp;utm_medium=widget&amp;utm_campaign=widget-review_extended\" rel=\"nofollow\" style=\"text-decoration:none;color:#617d97;font-family:Hind,sans-serif;\"><br \/>\n            Par <span style=\"color:#149c97;font-family:Hind,sans-serif;font-weight:400;letter-spacing: 0.015em;text-decoration:underline;\">Psychologue.net<\/span><br \/>\n        <\/a>\n    <\/div>\n<\/div>\n<\/div>\n<\/div>\n","protected":false},"excerpt":{"rendered":"<p>Comment je suis pass\u00e9e de la Biologie &#8230; Apr\u00e8s des \u00e9tudes de Biologie, j&rsquo;ai travaill\u00e9 15 ans dans le domaine du traitement des eaux et du recyclage des d\u00e9chets, puis dans le domaine de la Qualit\u00e9. C&rsquo;est l\u00e0 que j&rsquo;ai &hellip; <a href=\"https:\/\/solicim.fr\/?page_id=62\">Lire la suite\u00ad\u00ad<\/a><\/p>\n","protected":false},"author":1,"featured_media":1146,"parent":0,"menu_order":0,"comment_status":"closed","ping_status":"closed","template":"","meta":{"kt_blocks_editor_width":"","footnotes":""},"class_list":["post-62","page","type-page","status-publish","has-post-thumbnail","hentry"],"yoast_head":"<!-- This site is optimized with the Yoast SEO plugin v27.5 - https:\/\/yoast.com\/product\/yoast-seo-wordpress\/ -->\n<title>Faisons connaissance ! - Ensemble, trouvons de nouvelles solutions !<\/title>\n<meta name=\"robots\" content=\"index, follow, max-snippet:-1, max-image-preview:large, max-video-preview:-1\" \/>\n<link rel=\"canonical\" href=\"https:\/\/solicim.fr\/?page_id=62\" \/>\n<meta property=\"og:locale\" content=\"fr_FR\" \/>\n<meta property=\"og:type\" content=\"article\" \/>\n<meta property=\"og:title\" content=\"Faisons connaissance ! - Ensemble, trouvons de nouvelles solutions !\" \/>\n<meta property=\"og:description\" content=\"Comment je suis pass\u00e9e de la Biologie &#8230; Apr\u00e8s des \u00e9tudes de Biologie, j&rsquo;ai travaill\u00e9 15 ans dans le domaine du traitement des eaux et du recyclage des d\u00e9chets, puis dans le domaine de la Qualit\u00e9. C&rsquo;est l\u00e0 que j&rsquo;ai &hellip; Lire la suite\u00ad\u00ad\" \/>\n<meta property=\"og:url\" content=\"https:\/\/solicim.fr\/?page_id=62\" \/>\n<meta property=\"og:site_name\" content=\"Ensemble, trouvons de nouvelles solutions !\" \/>\n<meta property=\"article:publisher\" content=\"https:\/\/www.facebook.com\/profile.php?id=100089561061643\" \/>\n<meta property=\"article:modified_time\" content=\"2024-08-07T14:05:58+00:00\" \/>\n<meta property=\"og:image\" content=\"https:\/\/solicim.fr\/wp-content\/uploads\/2024\/08\/caroline-Oberlin-therapie-breve-petite.jpg\" \/>\n\t<meta property=\"og:image:width\" content=\"1414\" \/>\n\t<meta property=\"og:image:height\" content=\"1414\" \/>\n\t<meta property=\"og:image:type\" content=\"image\/jpeg\" \/>\n<meta name=\"twitter:card\" content=\"summary_large_image\" \/>\n<meta name=\"twitter:label1\" content=\"Dur\u00e9e de lecture estim\u00e9e\" \/>\n\t<meta name=\"twitter:data1\" content=\"3 minutes\" \/>\n<script type=\"application\/ld+json\" class=\"yoast-schema-graph\">{\"@context\":\"https:\\\/\\\/schema.org\",\"@graph\":[{\"@type\":\"WebPage\",\"@id\":\"https:\\\/\\\/solicim.fr\\\/?page_id=62\",\"url\":\"https:\\\/\\\/solicim.fr\\\/?page_id=62\",\"name\":\"Faisons connaissance ! - Ensemble, trouvons de nouvelles solutions !\",\"isPartOf\":{\"@id\":\"https:\\\/\\\/solicim.fr\\\/#website\"},\"primaryImageOfPage\":{\"@id\":\"https:\\\/\\\/solicim.fr\\\/?page_id=62#primaryimage\"},\"image\":{\"@id\":\"https:\\\/\\\/solicim.fr\\\/?page_id=62#primaryimage\"},\"thumbnailUrl\":\"https:\\\/\\\/solicim.fr\\\/wp-content\\\/uploads\\\/2024\\\/08\\\/caroline-Oberlin-therapie-breve-petite.jpg\",\"datePublished\":\"2023-03-08T09:34:31+00:00\",\"dateModified\":\"2024-08-07T14:05:58+00:00\",\"breadcrumb\":{\"@id\":\"https:\\\/\\\/solicim.fr\\\/?page_id=62#breadcrumb\"},\"inLanguage\":\"fr-FR\",\"potentialAction\":[{\"@type\":\"ReadAction\",\"target\":[\"https:\\\/\\\/solicim.fr\\\/?page_id=62\"]}]},{\"@type\":\"ImageObject\",\"inLanguage\":\"fr-FR\",\"@id\":\"https:\\\/\\\/solicim.fr\\\/?page_id=62#primaryimage\",\"url\":\"https:\\\/\\\/solicim.fr\\\/wp-content\\\/uploads\\\/2024\\\/08\\\/caroline-Oberlin-therapie-breve-petite.jpg\",\"contentUrl\":\"https:\\\/\\\/solicim.fr\\\/wp-content\\\/uploads\\\/2024\\\/08\\\/caroline-Oberlin-therapie-breve-petite.jpg\",\"width\":1414,\"height\":1414},{\"@type\":\"BreadcrumbList\",\"@id\":\"https:\\\/\\\/solicim.fr\\\/?page_id=62#breadcrumb\",\"itemListElement\":[{\"@type\":\"ListItem\",\"position\":1,\"name\":\"Accueil\",\"item\":\"https:\\\/\\\/solicim.fr\\\/\"},{\"@type\":\"ListItem\",\"position\":2,\"name\":\"Faisons connaissance !\"}]},{\"@type\":\"WebSite\",\"@id\":\"https:\\\/\\\/solicim.fr\\\/#website\",\"url\":\"https:\\\/\\\/solicim.fr\\\/\",\"name\":\"www.solicim.fr\",\"description\":\"Th\u00e9rapeute et consultante syst\u00e9mique au service des particuliers et des entreprises\",\"publisher\":{\"@id\":\"https:\\\/\\\/solicim.fr\\\/#organization\"},\"potentialAction\":[{\"@type\":\"SearchAction\",\"target\":{\"@type\":\"EntryPoint\",\"urlTemplate\":\"https:\\\/\\\/solicim.fr\\\/?s={search_term_string}\"},\"query-input\":{\"@type\":\"PropertyValueSpecification\",\"valueRequired\":true,\"valueName\":\"search_term_string\"}}],\"inLanguage\":\"fr-FR\"},{\"@type\":\"Organization\",\"@id\":\"https:\\\/\\\/solicim.fr\\\/#organization\",\"name\":\"caroline oberlin\",\"url\":\"https:\\\/\\\/solicim.fr\\\/\",\"logo\":{\"@type\":\"ImageObject\",\"inLanguage\":\"fr-FR\",\"@id\":\"https:\\\/\\\/solicim.fr\\\/#\\\/schema\\\/logo\\\/image\\\/\",\"url\":\"https:\\\/\\\/solicim.fr\\\/wp-content\\\/uploads\\\/2023\\\/03\\\/cropped-cropped-SOLICIM_net-1.png\",\"contentUrl\":\"https:\\\/\\\/solicim.fr\\\/wp-content\\\/uploads\\\/2023\\\/03\\\/cropped-cropped-SOLICIM_net-1.png\",\"width\":512,\"height\":512,\"caption\":\"caroline oberlin\"},\"image\":{\"@id\":\"https:\\\/\\\/solicim.fr\\\/#\\\/schema\\\/logo\\\/image\\\/\"},\"sameAs\":[\"https:\\\/\\\/www.facebook.com\\\/profile.php?id=100089561061643\",\"https:\\\/\\\/www.linkedin.com\\\/in\\\/caroline-oberlin-92b3a525\\\/\",\"https:\\\/\\\/www.instagram.com\\\/carolineoberlin_therapie_breve\\\/\"]}]}<\/script>\n<!-- \/ Yoast SEO plugin. -->","yoast_head_json":{"title":"Faisons connaissance ! - Ensemble, trouvons de nouvelles solutions !","robots":{"index":"index","follow":"follow","max-snippet":"max-snippet:-1","max-image-preview":"max-image-preview:large","max-video-preview":"max-video-preview:-1"},"canonical":"https:\/\/solicim.fr\/?page_id=62","og_locale":"fr_FR","og_type":"article","og_title":"Faisons connaissance ! - Ensemble, trouvons de nouvelles solutions !","og_description":"Comment je suis pass\u00e9e de la Biologie &#8230; Apr\u00e8s des \u00e9tudes de Biologie, j&rsquo;ai travaill\u00e9 15 ans dans le domaine du traitement des eaux et du recyclage des d\u00e9chets, puis dans le domaine de la Qualit\u00e9. C&rsquo;est l\u00e0 que j&rsquo;ai &hellip; Lire la suite\u00ad\u00ad","og_url":"https:\/\/solicim.fr\/?page_id=62","og_site_name":"Ensemble, trouvons de nouvelles solutions !","article_publisher":"https:\/\/www.facebook.com\/profile.php?id=100089561061643","article_modified_time":"2024-08-07T14:05:58+00:00","og_image":[{"width":1414,"height":1414,"url":"https:\/\/solicim.fr\/wp-content\/uploads\/2024\/08\/caroline-Oberlin-therapie-breve-petite.jpg","type":"image\/jpeg"}],"twitter_card":"summary_large_image","twitter_misc":{"Dur\u00e9e de lecture estim\u00e9e":"3 minutes"},"schema":{"@context":"https:\/\/schema.org","@graph":[{"@type":"WebPage","@id":"https:\/\/solicim.fr\/?page_id=62","url":"https:\/\/solicim.fr\/?page_id=62","name":"Faisons connaissance ! - Ensemble, trouvons de nouvelles solutions !","isPartOf":{"@id":"https:\/\/solicim.fr\/#website"},"primaryImageOfPage":{"@id":"https:\/\/solicim.fr\/?page_id=62#primaryimage"},"image":{"@id":"https:\/\/solicim.fr\/?page_id=62#primaryimage"},"thumbnailUrl":"https:\/\/solicim.fr\/wp-content\/uploads\/2024\/08\/caroline-Oberlin-therapie-breve-petite.jpg","datePublished":"2023-03-08T09:34:31+00:00","dateModified":"2024-08-07T14:05:58+00:00","breadcrumb":{"@id":"https:\/\/solicim.fr\/?page_id=62#breadcrumb"},"inLanguage":"fr-FR","potentialAction":[{"@type":"ReadAction","target":["https:\/\/solicim.fr\/?page_id=62"]}]},{"@type":"ImageObject","inLanguage":"fr-FR","@id":"https:\/\/solicim.fr\/?page_id=62#primaryimage","url":"https:\/\/solicim.fr\/wp-content\/uploads\/2024\/08\/caroline-Oberlin-therapie-breve-petite.jpg","contentUrl":"https:\/\/solicim.fr\/wp-content\/uploads\/2024\/08\/caroline-Oberlin-therapie-breve-petite.jpg","width":1414,"height":1414},{"@type":"BreadcrumbList","@id":"https:\/\/solicim.fr\/?page_id=62#breadcrumb","itemListElement":[{"@type":"ListItem","position":1,"name":"Accueil","item":"https:\/\/solicim.fr\/"},{"@type":"ListItem","position":2,"name":"Faisons connaissance !"}]},{"@type":"WebSite","@id":"https:\/\/solicim.fr\/#website","url":"https:\/\/solicim.fr\/","name":"www.solicim.fr","description":"Th\u00e9rapeute et consultante syst\u00e9mique au service des particuliers et des entreprises","publisher":{"@id":"https:\/\/solicim.fr\/#organization"},"potentialAction":[{"@type":"SearchAction","target":{"@type":"EntryPoint","urlTemplate":"https:\/\/solicim.fr\/?s={search_term_string}"},"query-input":{"@type":"PropertyValueSpecification","valueRequired":true,"valueName":"search_term_string"}}],"inLanguage":"fr-FR"},{"@type":"Organization","@id":"https:\/\/solicim.fr\/#organization","name":"caroline oberlin","url":"https:\/\/solicim.fr\/","logo":{"@type":"ImageObject","inLanguage":"fr-FR","@id":"https:\/\/solicim.fr\/#\/schema\/logo\/image\/","url":"https:\/\/solicim.fr\/wp-content\/uploads\/2023\/03\/cropped-cropped-SOLICIM_net-1.png","contentUrl":"https:\/\/solicim.fr\/wp-content\/uploads\/2023\/03\/cropped-cropped-SOLICIM_net-1.png","width":512,"height":512,"caption":"caroline oberlin"},"image":{"@id":"https:\/\/solicim.fr\/#\/schema\/logo\/image\/"},"sameAs":["https:\/\/www.facebook.com\/profile.php?id=100089561061643","https:\/\/www.linkedin.com\/in\/caroline-oberlin-92b3a525\/","https:\/\/www.instagram.com\/carolineoberlin_therapie_breve\/"]}]}},"jetpack_sharing_enabled":true,"_links":{"self":[{"href":"https:\/\/solicim.fr\/index.php?rest_route=\/wp\/v2\/pages\/62","targetHints":{"allow":["GET"]}}],"collection":[{"href":"https:\/\/solicim.fr\/index.php?rest_route=\/wp\/v2\/pages"}],"about":[{"href":"https:\/\/solicim.fr\/index.php?rest_route=\/wp\/v2\/types\/page"}],"author":[{"embeddable":true,"href":"https:\/\/solicim.fr\/index.php?rest_route=\/wp\/v2\/users\/1"}],"replies":[{"embeddable":true,"href":"https:\/\/solicim.fr\/index.php?rest_route=%2Fwp%2Fv2%2Fcomments&post=62"}],"version-history":[{"count":110,"href":"https:\/\/solicim.fr\/index.php?rest_route=\/wp\/v2\/pages\/62\/revisions"}],"predecessor-version":[{"id":1148,"href":"https:\/\/solicim.fr\/index.php?rest_route=\/wp\/v2\/pages\/62\/revisions\/1148"}],"wp:featuredmedia":[{"embeddable":true,"href":"https:\/\/solicim.fr\/index.php?rest_route=\/wp\/v2\/media\/1146"}],"wp:attachment":[{"href":"https:\/\/solicim.fr\/index.php?rest_route=%2Fwp%2Fv2%2Fmedia&parent=62"}],"curies":[{"name":"wp","href":"https:\/\/api.w.org\/{rel}","templated":true}]}}