{"id":510,"date":"2023-04-09T17:03:02","date_gmt":"2023-04-09T15:03:02","guid":{"rendered":"https:\/\/solicim.fr\/?page_id=510"},"modified":"2024-08-07T16:27:02","modified_gmt":"2024-08-07T14:27:02","slug":"comment-marche-la-therapie-breve","status":"publish","type":"page","link":"https:\/\/solicim.fr\/?page_id=510","title":{"rendered":"Comment \u00e7a marche et pour quels probl\u00e8mes ?"},"content":{"rendered":"\n<h2 class=\"wp-block-heading\" style=\"font-size:25px\"><strong>La th\u00e9rapie br\u00e8ve syst\u00e9mique et strat\u00e9gique est concr\u00e8te et pragmatique<\/strong><\/h2>\n\n\n\n<p style=\"font-size:16px\">Le travail th\u00e9rapeutique va consister \u00e0 <strong>comprendre ce qui se passe ici et maintenant<\/strong> qui am\u00e8ne de la souffrance.<br>Par un questionnement pr\u00e9cis et concret, le th\u00e9rapeute va chercher \u00e0 bien comprendre le contexte (appel\u00e9 le syst\u00e8me, d&rsquo;o\u00f9 la th\u00e9rapie dite syst\u00e9mique) : qui dit quoi et quand, qui fait quoi, comment, quelles sont les cons\u00e9quences, etc. <\/p>\n\n\n\n<p style=\"font-size:16px\"><strong>Vous \u00eates acteur du changement<\/strong> car c\u2019est vous qui \u00eates expert de la situation et \u00e0 m\u00eame de d\u00e9crire ce que vous faites lorsque le probl\u00e8me se manifeste. Quelles sont vos \u00ab tentatives de solution \u00bb ? Qu\u2019avez-vous essay\u00e9 sans r\u00e9sultat ?<\/p>\n\n\n\n<p style=\"font-size:16px\">Le but de cette investigation, men\u00e9e conjointement par le th\u00e9rapeute et le patient, est de pouvoir <strong>identifier des nouvelles strat\u00e9gies <\/strong>qui vont effectivement influencer les choses dans le sens de l\u2019apaisement ou de la r\u00e9solution du probl\u00e8me \/ de la souffrance.<\/p>\n\n\n\n<p style=\"font-size:16px\"><strong>Entre les s\u00e9ances, le patient est \u00e9galement acteur<\/strong> car le th\u00e9rapeute propose des choses \u00e0 faire pour tenter de r\u00e9soudre le probl\u00e8me et construire une nouvelle strat\u00e9gie en vue d\u2019apaiser la situation.<\/p>\n\n\n\n<p style=\"font-size:16px\"><strong>Les s\u00e9ances durent 1<\/strong> <strong>heure. Le nombre de s\u00e9ances n\u2019exc\u00e8de g\u00e9n\u00e9ralement pas les 10 s\u00e9ances.<\/strong><\/p>\n\n\n<style>.wp-block-kadence-spacer.kt-block-spacer-510_49155d-de .kt-block-spacer{height:26px;}.wp-block-kadence-spacer.kt-block-spacer-510_49155d-de .kt-divider{border-top-width:1px;height:1px;border-top-color:#eee;width:80%;border-top-style:solid;}<\/style>\n<div class=\"wp-block-kadence-spacer aligncenter kt-block-spacer-510_49155d-de\"><div class=\"kt-block-spacer kt-block-spacer-halign-center\"><hr class=\"kt-divider\"\/><\/div><\/div>\n\n\n\n<h2 class=\"wp-block-heading\" style=\"font-size:25px\"><strong>Pour quels probl\u00e8mes ?<\/strong><\/h2>\n\n\n\n<p style=\"font-size:16px\"><strong>Avec soi-m\u00eame ou les autres :<\/strong><\/p>\n\n\n\n<div class=\"wp-block-group\"><div class=\"wp-block-group__inner-container is-layout-constrained wp-block-group-is-layout-constrained\">\n<ul class=\"wp-block-list\">\n<li style=\"font-size:14px\">Angoisses, paniques, phobies<\/li>\n\n\n\n<li style=\"font-size:14px\">TOCs, compulsions &#8211; Pens\u00e9es obs\u00e9dantes <\/li>\n\n\n\n<li style=\"font-size:14px\">D\u00e9pression, burn-out, Stress post-traumatique<\/li>\n\n\n\n<li style=\"font-size:14px\">Conflits, s\u00e9paration, divorce<\/li>\n\n\n\n<li style=\"font-size:14px\">Deuil<\/li>\n\n\n\n<li style=\"font-size:14px\">Troubles alimentaires<\/li>\n\n\n\n<li style=\"font-size:14px\">Douleurs chroniques <\/li>\n<\/ul>\n<\/div><\/div>\n\n\n\n<p style=\"font-size:16px\"><strong>Avec les enfants \/ adolescents : <\/strong><\/p>\n\n\n\n<div class=\"wp-block-group\"><div class=\"wp-block-group__inner-container is-layout-constrained wp-block-group-is-layout-constrained\">\n<ul style=\"font-size:14px\" class=\"wp-block-list\">\n<li style=\"font-size:14px\">Disputes, conflits &#8211; Crises dans la fratrie ou avec les parents<\/li>\n\n\n\n<li style=\"font-size:14px\">Devoirs, autonomie, participation \u00e0 la maison<\/li>\n\n\n\n<li style=\"font-size:14px\">\u00c9motions d\u00e9bordantes (col\u00e8re, tristesse) &#8211; Sommeil, \u00e9nur\u00e9sie<\/li>\n\n\n\n<li style=\"font-size:14px\">Harc\u00e8lement scolaire, phobie scolaire<\/li>\n<\/ul>\n<\/div><\/div>\n\n\n\n<p style=\"font-size:16px\"><strong>Au travail : <\/strong><\/p>\n\n\n\n<ul class=\"wp-block-list\">\n<li style=\"font-size:14px\">Difficult\u00e9s relationnelles, conflit, harc\u00e8lement<\/li>\n\n\n\n<li style=\"font-size:14px\">Difficult\u00e9 de management, prise de poste difficile<\/li>\n\n\n\n<li style=\"font-size:14px\">Perte de sens, d\u00e9motivation<\/li>\n\n\n\n<li style=\"font-size:14px\">Souffrance au travail &#8211; Perte de confiance en soi<\/li>\n<\/ul>\n\n\n\n<div class=\"wp-block-buttons is-content-justification-center is-layout-flex wp-container-core-buttons-is-layout-16018d1d wp-block-buttons-is-layout-flex\">\n<div class=\"wp-block-button has-custom-font-size\" style=\"font-size:18px\"><a class=\"wp-block-button__link has-white-color has-text-color has-background wp-element-button\" href=\"https:\/\/www.psychologue.net\/cabinets\/caroline-oberlin\" style=\"background-color:#545454\"><strong>Prendre RDV<\/strong><\/a><\/div>\n<\/div>\n\n\n\n<p><\/p>\n","protected":false},"excerpt":{"rendered":"<p>La th\u00e9rapie br\u00e8ve syst\u00e9mique et strat\u00e9gique est concr\u00e8te et pragmatique Le travail th\u00e9rapeutique va consister \u00e0 comprendre ce qui se passe ici et maintenant qui am\u00e8ne de la souffrance.Par un questionnement pr\u00e9cis et concret, le th\u00e9rapeute va chercher \u00e0 bien &hellip; <a href=\"https:\/\/solicim.fr\/?page_id=510\">Lire la suite\u00ad\u00ad<\/a><\/p>\n","protected":false},"author":1,"featured_media":0,"parent":0,"menu_order":0,"comment_status":"closed","ping_status":"closed","template":"","meta":{"kt_blocks_editor_width":"","footnotes":""},"class_list":["post-510","page","type-page","status-publish","hentry"],"yoast_head":"<!-- This site is optimized with the Yoast SEO plugin v27.5 - https:\/\/yoast.com\/product\/yoast-seo-wordpress\/ -->\n<title>Comment \u00e7a marche et pour quels probl\u00e8mes ? - Ensemble, trouvons de nouvelles solutions !<\/title>\n<meta name=\"robots\" content=\"index, follow, max-snippet:-1, max-image-preview:large, max-video-preview:-1\" \/>\n<link rel=\"canonical\" href=\"https:\/\/solicim.fr\/?page_id=510\" \/>\n<meta property=\"og:locale\" content=\"fr_FR\" \/>\n<meta property=\"og:type\" content=\"article\" \/>\n<meta property=\"og:title\" content=\"Comment \u00e7a marche et pour quels probl\u00e8mes ? - Ensemble, trouvons de nouvelles solutions !\" \/>\n<meta property=\"og:description\" content=\"La th\u00e9rapie br\u00e8ve syst\u00e9mique et strat\u00e9gique est concr\u00e8te et pragmatique Le travail th\u00e9rapeutique va consister \u00e0 comprendre ce qui se passe ici et maintenant qui am\u00e8ne de la souffrance.Par un questionnement pr\u00e9cis et concret, le th\u00e9rapeute va chercher \u00e0 bien &hellip; Lire la suite\u00ad\u00ad\" \/>\n<meta property=\"og:url\" content=\"https:\/\/solicim.fr\/?page_id=510\" \/>\n<meta property=\"og:site_name\" content=\"Ensemble, trouvons de nouvelles solutions !\" \/>\n<meta property=\"article:publisher\" content=\"https:\/\/www.facebook.com\/profile.php?id=100089561061643\" \/>\n<meta property=\"article:modified_time\" content=\"2024-08-07T14:27:02+00:00\" \/>\n<meta name=\"twitter:card\" content=\"summary_large_image\" \/>\n<meta name=\"twitter:label1\" content=\"Dur\u00e9e de lecture estim\u00e9e\" \/>\n\t<meta name=\"twitter:data1\" content=\"2 minutes\" \/>\n<script type=\"application\/ld+json\" class=\"yoast-schema-graph\">{\"@context\":\"https:\\\/\\\/schema.org\",\"@graph\":[{\"@type\":\"WebPage\",\"@id\":\"https:\\\/\\\/solicim.fr\\\/?page_id=510\",\"url\":\"https:\\\/\\\/solicim.fr\\\/?page_id=510\",\"name\":\"Comment \u00e7a marche et pour quels probl\u00e8mes ? - Ensemble, trouvons de nouvelles solutions !\",\"isPartOf\":{\"@id\":\"https:\\\/\\\/solicim.fr\\\/#website\"},\"datePublished\":\"2023-04-09T15:03:02+00:00\",\"dateModified\":\"2024-08-07T14:27:02+00:00\",\"breadcrumb\":{\"@id\":\"https:\\\/\\\/solicim.fr\\\/?page_id=510#breadcrumb\"},\"inLanguage\":\"fr-FR\",\"potentialAction\":[{\"@type\":\"ReadAction\",\"target\":[\"https:\\\/\\\/solicim.fr\\\/?page_id=510\"]}]},{\"@type\":\"BreadcrumbList\",\"@id\":\"https:\\\/\\\/solicim.fr\\\/?page_id=510#breadcrumb\",\"itemListElement\":[{\"@type\":\"ListItem\",\"position\":1,\"name\":\"Accueil\",\"item\":\"https:\\\/\\\/solicim.fr\\\/\"},{\"@type\":\"ListItem\",\"position\":2,\"name\":\"Comment \u00e7a marche et pour quels probl\u00e8mes ?\"}]},{\"@type\":\"WebSite\",\"@id\":\"https:\\\/\\\/solicim.fr\\\/#website\",\"url\":\"https:\\\/\\\/solicim.fr\\\/\",\"name\":\"www.solicim.fr\",\"description\":\"Th\u00e9rapeute et consultante syst\u00e9mique au service des particuliers et des entreprises\",\"publisher\":{\"@id\":\"https:\\\/\\\/solicim.fr\\\/#organization\"},\"potentialAction\":[{\"@type\":\"SearchAction\",\"target\":{\"@type\":\"EntryPoint\",\"urlTemplate\":\"https:\\\/\\\/solicim.fr\\\/?s={search_term_string}\"},\"query-input\":{\"@type\":\"PropertyValueSpecification\",\"valueRequired\":true,\"valueName\":\"search_term_string\"}}],\"inLanguage\":\"fr-FR\"},{\"@type\":\"Organization\",\"@id\":\"https:\\\/\\\/solicim.fr\\\/#organization\",\"name\":\"caroline oberlin\",\"url\":\"https:\\\/\\\/solicim.fr\\\/\",\"logo\":{\"@type\":\"ImageObject\",\"inLanguage\":\"fr-FR\",\"@id\":\"https:\\\/\\\/solicim.fr\\\/#\\\/schema\\\/logo\\\/image\\\/\",\"url\":\"https:\\\/\\\/solicim.fr\\\/wp-content\\\/uploads\\\/2023\\\/03\\\/cropped-cropped-SOLICIM_net-1.png\",\"contentUrl\":\"https:\\\/\\\/solicim.fr\\\/wp-content\\\/uploads\\\/2023\\\/03\\\/cropped-cropped-SOLICIM_net-1.png\",\"width\":512,\"height\":512,\"caption\":\"caroline oberlin\"},\"image\":{\"@id\":\"https:\\\/\\\/solicim.fr\\\/#\\\/schema\\\/logo\\\/image\\\/\"},\"sameAs\":[\"https:\\\/\\\/www.facebook.com\\\/profile.php?id=100089561061643\",\"https:\\\/\\\/www.linkedin.com\\\/in\\\/caroline-oberlin-92b3a525\\\/\",\"https:\\\/\\\/www.instagram.com\\\/carolineoberlin_therapie_breve\\\/\"]}]}<\/script>\n<!-- \/ Yoast SEO plugin. -->","yoast_head_json":{"title":"Comment \u00e7a marche et pour quels probl\u00e8mes ? - Ensemble, trouvons de nouvelles solutions !","robots":{"index":"index","follow":"follow","max-snippet":"max-snippet:-1","max-image-preview":"max-image-preview:large","max-video-preview":"max-video-preview:-1"},"canonical":"https:\/\/solicim.fr\/?page_id=510","og_locale":"fr_FR","og_type":"article","og_title":"Comment \u00e7a marche et pour quels probl\u00e8mes ? - Ensemble, trouvons de nouvelles solutions !","og_description":"La th\u00e9rapie br\u00e8ve syst\u00e9mique et strat\u00e9gique est concr\u00e8te et pragmatique Le travail th\u00e9rapeutique va consister \u00e0 comprendre ce qui se passe ici et maintenant qui am\u00e8ne de la souffrance.Par un questionnement pr\u00e9cis et concret, le th\u00e9rapeute va chercher \u00e0 bien &hellip; Lire la suite\u00ad\u00ad","og_url":"https:\/\/solicim.fr\/?page_id=510","og_site_name":"Ensemble, trouvons de nouvelles solutions !","article_publisher":"https:\/\/www.facebook.com\/profile.php?id=100089561061643","article_modified_time":"2024-08-07T14:27:02+00:00","twitter_card":"summary_large_image","twitter_misc":{"Dur\u00e9e de lecture estim\u00e9e":"2 minutes"},"schema":{"@context":"https:\/\/schema.org","@graph":[{"@type":"WebPage","@id":"https:\/\/solicim.fr\/?page_id=510","url":"https:\/\/solicim.fr\/?page_id=510","name":"Comment \u00e7a marche et pour quels probl\u00e8mes ? - Ensemble, trouvons de nouvelles solutions !","isPartOf":{"@id":"https:\/\/solicim.fr\/#website"},"datePublished":"2023-04-09T15:03:02+00:00","dateModified":"2024-08-07T14:27:02+00:00","breadcrumb":{"@id":"https:\/\/solicim.fr\/?page_id=510#breadcrumb"},"inLanguage":"fr-FR","potentialAction":[{"@type":"ReadAction","target":["https:\/\/solicim.fr\/?page_id=510"]}]},{"@type":"BreadcrumbList","@id":"https:\/\/solicim.fr\/?page_id=510#breadcrumb","itemListElement":[{"@type":"ListItem","position":1,"name":"Accueil","item":"https:\/\/solicim.fr\/"},{"@type":"ListItem","position":2,"name":"Comment \u00e7a marche et pour quels probl\u00e8mes ?"}]},{"@type":"WebSite","@id":"https:\/\/solicim.fr\/#website","url":"https:\/\/solicim.fr\/","name":"www.solicim.fr","description":"Th\u00e9rapeute et consultante syst\u00e9mique au service des particuliers et des entreprises","publisher":{"@id":"https:\/\/solicim.fr\/#organization"},"potentialAction":[{"@type":"SearchAction","target":{"@type":"EntryPoint","urlTemplate":"https:\/\/solicim.fr\/?s={search_term_string}"},"query-input":{"@type":"PropertyValueSpecification","valueRequired":true,"valueName":"search_term_string"}}],"inLanguage":"fr-FR"},{"@type":"Organization","@id":"https:\/\/solicim.fr\/#organization","name":"caroline oberlin","url":"https:\/\/solicim.fr\/","logo":{"@type":"ImageObject","inLanguage":"fr-FR","@id":"https:\/\/solicim.fr\/#\/schema\/logo\/image\/","url":"https:\/\/solicim.fr\/wp-content\/uploads\/2023\/03\/cropped-cropped-SOLICIM_net-1.png","contentUrl":"https:\/\/solicim.fr\/wp-content\/uploads\/2023\/03\/cropped-cropped-SOLICIM_net-1.png","width":512,"height":512,"caption":"caroline oberlin"},"image":{"@id":"https:\/\/solicim.fr\/#\/schema\/logo\/image\/"},"sameAs":["https:\/\/www.facebook.com\/profile.php?id=100089561061643","https:\/\/www.linkedin.com\/in\/caroline-oberlin-92b3a525\/","https:\/\/www.instagram.com\/carolineoberlin_therapie_breve\/"]}]}},"jetpack_sharing_enabled":true,"_links":{"self":[{"href":"https:\/\/solicim.fr\/index.php?rest_route=\/wp\/v2\/pages\/510","targetHints":{"allow":["GET"]}}],"collection":[{"href":"https:\/\/solicim.fr\/index.php?rest_route=\/wp\/v2\/pages"}],"about":[{"href":"https:\/\/solicim.fr\/index.php?rest_route=\/wp\/v2\/types\/page"}],"author":[{"embeddable":true,"href":"https:\/\/solicim.fr\/index.php?rest_route=\/wp\/v2\/users\/1"}],"replies":[{"embeddable":true,"href":"https:\/\/solicim.fr\/index.php?rest_route=%2Fwp%2Fv2%2Fcomments&post=510"}],"version-history":[{"count":68,"href":"https:\/\/solicim.fr\/index.php?rest_route=\/wp\/v2\/pages\/510\/revisions"}],"predecessor-version":[{"id":1162,"href":"https:\/\/solicim.fr\/index.php?rest_route=\/wp\/v2\/pages\/510\/revisions\/1162"}],"wp:attachment":[{"href":"https:\/\/solicim.fr\/index.php?rest_route=%2Fwp%2Fv2%2Fmedia&parent=510"}],"curies":[{"name":"wp","href":"https:\/\/api.w.org\/{rel}","templated":true}]}}