{"id":2,"date":"2023-02-27T20:50:04","date_gmt":"2023-02-27T19:50:04","guid":{"rendered":"http:\/\/solicim.fr\/?page_id=2"},"modified":"2025-03-09T12:05:56","modified_gmt":"2025-03-09T11:05:56","slug":"page-d-exemple","status":"publish","type":"page","link":"https:\/\/solicim.fr\/","title":{"rendered":"Caroline Oberlin &#8211; Th\u00e9rapie Br\u00e8ve Syst\u00e9mique"},"content":{"rendered":"\n<p style=\"font-size:16px\"><\/p>\n\n\n\n<p style=\"font-size:16px\"><strong>Th\u00e9rapeute<\/strong> et <strong>consultante<\/strong>, j&rsquo;ai cr\u00e9\u00e9 <strong>SOLICIM<\/strong> pour accompagner les <strong>particuliers<\/strong> et les <strong>professionnels <\/strong>dans la recherche de <strong>nouvelles solutions \u00e0 leurs probl\u00e9matiques<\/strong>, particuli\u00e8rement lorsque leurs tentatives pr\u00e9c\u00e9dentes se sont r\u00e9v\u00e9l\u00e9es infructueuses.<\/p>\n\n\n\n<p style=\"font-size:16px\">Tous mes accompagnements se basent sur le <strong>mod\u00e8le syst\u00e9mique et strat\u00e9gique <\/strong>(selon l&rsquo;\u00e9cole de Palo Alto). C&rsquo;est une <strong>approche puissante, concr\u00e8te et active, centr\u00e9e sur le pr\u00e9sent et orient\u00e9e solutions.<\/strong><\/p>\n\n\n\n<p><\/p>\n\n\n\n<p class=\"has-white-color has-text-color has-link-color wp-elements-2cc90870f78944cea8d3717ec2fef862\" style=\"font-size:16px\">psychologue<\/p>\n\n\n\n<div class=\"wp-block-buttons is-content-justification-center is-layout-flex wp-container-core-buttons-is-layout-16018d1d wp-block-buttons-is-layout-flex\">\n<div class=\"wp-block-button has-custom-font-size\" style=\"font-size:18px\"><a class=\"wp-block-button__link has-very-light-gray-background-color has-text-color has-background has-link-color wp-element-button\" href=\"https:\/\/solicim.fr\/?page_id=64\" style=\"color:#f09505\"><strong>En savoir plus sur la th\u00e9rapie br\u00e8ve syst\u00e9mique<\/strong><\/a><\/div>\n<\/div>\n\n\n<style>.wp-block-kadence-spacer.kt-block-spacer-2_534027-60 .kt-block-spacer{height:60px;}.wp-block-kadence-spacer.kt-block-spacer-2_534027-60 .kt-divider{border-top-width:1px;height:1px;border-top-color:#eee;width:80%;border-top-style:solid;}<\/style>\n<div class=\"wp-block-kadence-spacer aligncenter kt-block-spacer-2_534027-60\"><div class=\"kt-block-spacer kt-block-spacer-halign-center\"><hr class=\"kt-divider\"\/><\/div><\/div>\n\n\n\n<pre class=\"wp-block-preformatted has-very-light-gray-background-color has-background\" style=\"font-size:20px\"><strong>TH\u00c9RAPIE POUR LES ADULTES \/ ADOS \/ ENFANTS<\/strong><\/pre>\n\n\n\n<p style=\"font-size:16px\"><\/p>\n\n\n\n<p><\/p>\n\n\n\n<div class=\"wp-block-columns is-layout-flex wp-container-core-columns-is-layout-9d6595d7 wp-block-columns-is-layout-flex\">\n<div class=\"wp-block-column is-layout-flow wp-block-column-is-layout-flow\" style=\"flex-basis:50%\">\n<p style=\"font-size:16px\">Je vous propose des <strong>accompagnements individuels ou en couple<\/strong>, pour les a<strong>dultes<\/strong>, les <strong>adolescents<\/strong> et les <strong>enfants<\/strong>.<\/p>\n\n\n\n<p class=\"has-text-align-left\" style=\"font-size:16px\"><strong>La th\u00e9rapie br\u00e8ve est une approche pragmatique et \u00ab\u00a0active\u00a0\u00bb, centr\u00e9e sur le changement concret, par le biais de recherches de solutions nouvelles<\/strong>.<\/p>\n\n\n\n<p class=\"has-text-align-left\" style=\"font-size:16px\">Elle aide la personne \u00e0 r\u00e9soudre son probl\u00e8me, sortir d&rsquo;un mal-\u00eatre ou faire dispara\u00eetre un comportement limitant ou inadapt\u00e9, en travaillant sur ce qui s&rsquo;exprime au pr\u00e9sent. <strong>Le travail se fait sur un nombre de s\u00e9ance limit\u00e9e (g\u00e9n\u00e9ralement entre 2 et 10).<\/strong><\/p>\n\n\n\n<p class=\"has-text-align-left\" style=\"font-size:16px\">Les consultations en th\u00e9rapie br\u00e8ve (1h) vous apportent un soulagement rapide et vous aident \u00e0 mettre en place de mani\u00e8re pragmatique de nouvelles strat\u00e9gies fonctionnelles.<\/p>\n\n\n\n<p style=\"font-size:16px\"><strong>Je vous re\u00e7ois au cabinet au 62 Rue de la R\u00e9publique \u00e0 Rives<\/strong>, pr\u00e8s de Voiron (Is\u00e8re). Je peux \u00e9galement <strong>vous accompagner en visio<\/strong>.<\/p>\n\n\n\n<p class=\"has-white-color has-text-color\" style=\"font-size:8px\">bl<\/p>\n<\/div>\n\n\n\n<div class=\"wp-block-column is-vertically-aligned-center is-layout-flow wp-block-column-is-layout-flow\" style=\"flex-basis:50%\">\n<div class=\"wp-block-columns is-layout-flex wp-container-core-columns-is-layout-9d6595d7 wp-block-columns-is-layout-flex\">\n<div class=\"wp-block-column is-layout-flow wp-block-column-is-layout-flow\" style=\"flex-basis:100%\">\n<div id=\"js_widget\" class=\"ie-common-widget ie-reviews\">\n    <script type=\"text\/javascript\" src=\"https:\/\/www.psychologue.net\/widget\/review_extended?com=416048&amp;h=5c49be8766721dc8dcdec96f39cba1a3&amp;v=10\"><\/script>\n    <div class=\"portal-by\">\n        <a id=\"js_portal_by\" href=\"https:\/\/www.psychologue.net?utm_source=416048&amp;utm_medium=widget&amp;utm_campaign=widget-review_extended\" rel=\"nofollow\" style=\"text-decoration:none;color:#617d97;font-family:Hind,sans-serif;\">\n            Par <span style=\"color:#149c97;font-family:Hind,sans-serif;font-weight:400;letter-spacing: 0.015em;text-decoration:underline;\">Psychologue.net<\/span>\n        <\/a>\n    <\/div>\n<\/div>\n<\/div>\n<\/div>\n<\/div>\n<\/div>\n\n\n\n<div class=\"wp-block-buttons has-custom-font-size is-content-justification-center is-layout-flex wp-container-core-buttons-is-layout-16018d1d wp-block-buttons-is-layout-flex\" style=\"font-size:18px\">\n<div class=\"wp-block-button has-custom-font-size\" style=\"font-size:18px\"><a class=\"wp-block-button__link has-very-light-gray-background-color has-text-color has-background has-link-color wp-element-button\" href=\"https:\/\/www.psychologue.net\/cabinets\/caroline-oberlin\" style=\"color:#f09505\" target=\"_blank\" rel=\"noreferrer noopener\"><strong>Prendre RDV pour une th\u00e9rapie<\/strong><\/a><\/div>\n<\/div>\n\n\n<style>.wp-block-kadence-spacer.kt-block-spacer-2_4814f1-79 .kt-block-spacer{height:60px;}.wp-block-kadence-spacer.kt-block-spacer-2_4814f1-79 .kt-divider{border-top-width:1px;height:1px;border-top-color:#eee;width:80%;border-top-style:solid;}<\/style>\n<div class=\"wp-block-kadence-spacer aligncenter kt-block-spacer-2_4814f1-79\"><div class=\"kt-block-spacer kt-block-spacer-halign-center\"><hr class=\"kt-divider\"\/><\/div><\/div>\n\n\n\n<pre class=\"wp-block-preformatted has-very-light-gray-background-color has-background\" style=\"font-size:20px\"><strong>FORMATION \/ CONSULTING \/ COACHING POUR LES ENTREPRISES \/ COLLECTIVIT\u00c9S \/ ASSOCIATIONS<\/strong><\/pre>\n\n\n\n<p style=\"font-size:16px\"><\/p>\n\n\n\n<div class=\"wp-block-columns is-layout-flex wp-container-core-columns-is-layout-9d6595d7 wp-block-columns-is-layout-flex\">\n<div class=\"wp-block-column is-layout-flow wp-block-column-is-layout-flow\" style=\"flex-basis:50%\">\n<p style=\"font-size:16px\">Pour les interventions <strong>\u00e0 destination des professionnels<\/strong> (entreprises, collectivit\u00e9s, associations\u2026), je me d\u00e9place sur la <strong>r\u00e9gion Rh\u00f4ne Alpes<\/strong>.<\/p>\n\n\n\n<p class=\"has-text-align-left\" style=\"font-size:16px\">Mes services incluent <strong>l&rsquo;analyse des pratiques professionnelles<\/strong> (APP), la <strong>supervision<\/strong>, la <strong>formation<\/strong>, le <strong>co-d\u00e9veloppement professionnel<\/strong>, le <strong>coaching individuel<\/strong> et l&rsquo;<strong>accompagnement d&rsquo;\u00e9quipes ou de collectifs<\/strong>.<\/p>\n\n\n\n<p class=\"has-text-align-left\" style=\"font-size:16px\">J&rsquo;ai un int\u00e9r\u00eat particuliers pour le secteur m\u00e9dico-social, les TPE\/PME et les structures \u0153uvrant en faveur de l&rsquo;environnement et du d\u00e9veloppement durable.<\/p>\n\n\n\n<p class=\"has-text-align-left\" style=\"font-size:16px\">L\u2019approche syst\u00e9mique est particuli\u00e8rement efficace et adapt\u00e9e au milieu professionnel.<\/p>\n\n\n\n<p class=\"has-text-align-left\" style=\"font-size:16px\">C&rsquo;est un <strong>mod\u00e8le d\u2019intervention innovant, strat\u00e9gique, profond\u00e9ment humaniste, pens\u00e9 pour accompagner les syst\u00e8mes complexes<\/strong>.<\/p>\n\n\n\n<p class=\"has-white-color has-text-color\" style=\"font-size:8px\">bl<\/p>\n<\/div>\n\n\n\n<div class=\"wp-block-column is-layout-flow wp-block-column-is-layout-flow\" style=\"flex-basis:50%\">\n<p class=\"has-white-color has-text-color has-link-color wp-elements-32f81bc6c5d6a60add8594d04ae436a8\">approche syst\u00e9mique<\/p>\n\n\n<div class=\"wp-block-image is-resized\">\n<figure class=\"aligncenter size-medium\"><img loading=\"lazy\" decoding=\"async\" width=\"300\" height=\"200\" src=\"https:\/\/solicim.fr\/wp-content\/uploads\/2023\/04\/iStock-1223992751-300x200.jpg\" alt=\"Solicim cabinet de th\u00e9rapie br\u00e8ve syst\u00e9mique et strat\u00e9gique \u00e0 Rives Is\u00e8re\" class=\"wp-image-168\" style=\"width:400px\" title=\"th\u00e9rapie br\u00e8ve syst\u00e9mique\" srcset=\"https:\/\/solicim.fr\/wp-content\/uploads\/2023\/04\/iStock-1223992751-300x200.jpg 300w, https:\/\/solicim.fr\/wp-content\/uploads\/2023\/04\/iStock-1223992751-1024x683.jpg 1024w, https:\/\/solicim.fr\/wp-content\/uploads\/2023\/04\/iStock-1223992751-768x512.jpg 768w, https:\/\/solicim.fr\/wp-content\/uploads\/2023\/04\/iStock-1223992751-1536x1024.jpg 1536w, https:\/\/solicim.fr\/wp-content\/uploads\/2023\/04\/iStock-1223992751-2048x1365.jpg 2048w\" sizes=\"auto, (max-width: 300px) 100vw, 300px\" \/><\/figure>\n<\/div><\/div>\n<\/div>\n\n\n\n<div class=\"wp-block-buttons is-content-justification-center is-layout-flex wp-container-core-buttons-is-layout-16018d1d wp-block-buttons-is-layout-flex\">\n<div class=\"wp-block-button has-custom-font-size\" style=\"font-size:18px\"><a class=\"wp-block-button__link has-very-light-gray-background-color has-text-color has-background has-link-color wp-element-button\" href=\"https:\/\/solicim.fr\/?page_id=68\" style=\"color:#f09505\"><strong>Me contacter pour une intervention professionnelle<\/strong><\/a><\/div>\n<\/div>\n","protected":false},"excerpt":{"rendered":"<p>Th\u00e9rapeute et consultante, j&rsquo;ai cr\u00e9\u00e9 SOLICIM pour accompagner les particuliers et les professionnels dans la recherche de nouvelles solutions \u00e0 leurs probl\u00e9matiques, particuli\u00e8rement lorsque leurs tentatives pr\u00e9c\u00e9dentes se sont r\u00e9v\u00e9l\u00e9es infructueuses. Tous mes accompagnements se basent sur le mod\u00e8le syst\u00e9mique &hellip; <a href=\"https:\/\/solicim.fr\/\">Lire la suite\u00ad\u00ad<\/a><\/p>\n","protected":false},"author":1,"featured_media":51,"parent":0,"menu_order":0,"comment_status":"closed","ping_status":"open","template":"","meta":{"kt_blocks_editor_width":"","footnotes":""},"class_list":["post-2","page","type-page","status-publish","has-post-thumbnail","hentry"],"yoast_head":"<!-- This site is optimized with the Yoast SEO plugin v27.5 - https:\/\/yoast.com\/product\/yoast-seo-wordpress\/ -->\n<title>Caroline Oberlin - Th\u00e9rapie Br\u00e8ve Syst\u00e9mique - Ensemble, trouvons de nouvelles solutions !<\/title>\n<meta name=\"robots\" content=\"index, follow, max-snippet:-1, max-image-preview:large, max-video-preview:-1\" \/>\n<link rel=\"canonical\" href=\"https:\/\/solicim.fr\/\" \/>\n<meta property=\"og:locale\" content=\"fr_FR\" \/>\n<meta property=\"og:type\" content=\"article\" \/>\n<meta property=\"og:title\" content=\"Caroline Oberlin - Th\u00e9rapie Br\u00e8ve Syst\u00e9mique - Ensemble, trouvons de nouvelles solutions !\" \/>\n<meta property=\"og:description\" content=\"Th\u00e9rapeute et consultante, j&rsquo;ai cr\u00e9\u00e9 SOLICIM pour accompagner les particuliers et les professionnels dans la recherche de nouvelles solutions \u00e0 leurs probl\u00e9matiques, particuli\u00e8rement lorsque leurs tentatives pr\u00e9c\u00e9dentes se sont r\u00e9v\u00e9l\u00e9es infructueuses. Tous mes accompagnements se basent sur le mod\u00e8le syst\u00e9mique &hellip; Lire la suite\u00ad\u00ad\" \/>\n<meta property=\"og:url\" content=\"https:\/\/solicim.fr\/\" \/>\n<meta property=\"og:site_name\" content=\"Ensemble, trouvons de nouvelles solutions !\" \/>\n<meta property=\"article:publisher\" content=\"https:\/\/www.facebook.com\/profile.php?id=100089561061643\" \/>\n<meta property=\"article:modified_time\" content=\"2025-03-09T11:05:56+00:00\" \/>\n<meta property=\"og:image\" content=\"https:\/\/solicim.fr\/wp-content\/uploads\/2023\/03\/SOLICIM-fond-blanc.png\" \/>\n\t<meta property=\"og:image:width\" content=\"962\" \/>\n\t<meta property=\"og:image:height\" content=\"451\" \/>\n\t<meta property=\"og:image:type\" content=\"image\/png\" \/>\n<meta name=\"twitter:card\" content=\"summary_large_image\" \/>\n<meta name=\"twitter:label1\" content=\"Dur\u00e9e de lecture estim\u00e9e\" \/>\n\t<meta name=\"twitter:data1\" content=\"2 minutes\" \/>\n<script type=\"application\/ld+json\" class=\"yoast-schema-graph\">{\"@context\":\"https:\\\/\\\/schema.org\",\"@graph\":[{\"@type\":\"WebPage\",\"@id\":\"https:\\\/\\\/solicim.fr\\\/\",\"url\":\"https:\\\/\\\/solicim.fr\\\/\",\"name\":\"Caroline Oberlin - Th\u00e9rapie Br\u00e8ve Syst\u00e9mique - Ensemble, trouvons de nouvelles solutions !\",\"isPartOf\":{\"@id\":\"https:\\\/\\\/solicim.fr\\\/#website\"},\"primaryImageOfPage\":{\"@id\":\"https:\\\/\\\/solicim.fr\\\/#primaryimage\"},\"image\":{\"@id\":\"https:\\\/\\\/solicim.fr\\\/#primaryimage\"},\"thumbnailUrl\":\"https:\\\/\\\/solicim.fr\\\/wp-content\\\/uploads\\\/2023\\\/03\\\/SOLICIM-fond-blanc.png\",\"datePublished\":\"2023-02-27T19:50:04+00:00\",\"dateModified\":\"2025-03-09T11:05:56+00:00\",\"breadcrumb\":{\"@id\":\"https:\\\/\\\/solicim.fr\\\/#breadcrumb\"},\"inLanguage\":\"fr-FR\",\"potentialAction\":[{\"@type\":\"ReadAction\",\"target\":[\"https:\\\/\\\/solicim.fr\\\/\"]}]},{\"@type\":\"ImageObject\",\"inLanguage\":\"fr-FR\",\"@id\":\"https:\\\/\\\/solicim.fr\\\/#primaryimage\",\"url\":\"https:\\\/\\\/solicim.fr\\\/wp-content\\\/uploads\\\/2023\\\/03\\\/SOLICIM-fond-blanc.png\",\"contentUrl\":\"https:\\\/\\\/solicim.fr\\\/wp-content\\\/uploads\\\/2023\\\/03\\\/SOLICIM-fond-blanc.png\",\"width\":962,\"height\":451},{\"@type\":\"BreadcrumbList\",\"@id\":\"https:\\\/\\\/solicim.fr\\\/#breadcrumb\",\"itemListElement\":[{\"@type\":\"ListItem\",\"position\":1,\"name\":\"Accueil\",\"item\":\"https:\\\/\\\/solicim.fr\\\/\"},{\"@type\":\"ListItem\",\"position\":2,\"name\":\"Caroline Oberlin &#8211; Th\u00e9rapie Br\u00e8ve Syst\u00e9mique\"}]},{\"@type\":\"WebSite\",\"@id\":\"https:\\\/\\\/solicim.fr\\\/#website\",\"url\":\"https:\\\/\\\/solicim.fr\\\/\",\"name\":\"www.solicim.fr\",\"description\":\"Th\u00e9rapeute et consultante syst\u00e9mique au service des particuliers et des entreprises\",\"publisher\":{\"@id\":\"https:\\\/\\\/solicim.fr\\\/#organization\"},\"potentialAction\":[{\"@type\":\"SearchAction\",\"target\":{\"@type\":\"EntryPoint\",\"urlTemplate\":\"https:\\\/\\\/solicim.fr\\\/?s={search_term_string}\"},\"query-input\":{\"@type\":\"PropertyValueSpecification\",\"valueRequired\":true,\"valueName\":\"search_term_string\"}}],\"inLanguage\":\"fr-FR\"},{\"@type\":\"Organization\",\"@id\":\"https:\\\/\\\/solicim.fr\\\/#organization\",\"name\":\"caroline oberlin\",\"url\":\"https:\\\/\\\/solicim.fr\\\/\",\"logo\":{\"@type\":\"ImageObject\",\"inLanguage\":\"fr-FR\",\"@id\":\"https:\\\/\\\/solicim.fr\\\/#\\\/schema\\\/logo\\\/image\\\/\",\"url\":\"https:\\\/\\\/solicim.fr\\\/wp-content\\\/uploads\\\/2023\\\/03\\\/cropped-cropped-SOLICIM_net-1.png\",\"contentUrl\":\"https:\\\/\\\/solicim.fr\\\/wp-content\\\/uploads\\\/2023\\\/03\\\/cropped-cropped-SOLICIM_net-1.png\",\"width\":512,\"height\":512,\"caption\":\"caroline oberlin\"},\"image\":{\"@id\":\"https:\\\/\\\/solicim.fr\\\/#\\\/schema\\\/logo\\\/image\\\/\"},\"sameAs\":[\"https:\\\/\\\/www.facebook.com\\\/profile.php?id=100089561061643\",\"https:\\\/\\\/www.linkedin.com\\\/in\\\/caroline-oberlin-92b3a525\\\/\",\"https:\\\/\\\/www.instagram.com\\\/carolineoberlin_therapie_breve\\\/\"]}]}<\/script>\n<!-- \/ Yoast SEO plugin. -->","yoast_head_json":{"title":"Caroline Oberlin - Th\u00e9rapie Br\u00e8ve Syst\u00e9mique - Ensemble, trouvons de nouvelles solutions !","robots":{"index":"index","follow":"follow","max-snippet":"max-snippet:-1","max-image-preview":"max-image-preview:large","max-video-preview":"max-video-preview:-1"},"canonical":"https:\/\/solicim.fr\/","og_locale":"fr_FR","og_type":"article","og_title":"Caroline Oberlin - Th\u00e9rapie Br\u00e8ve Syst\u00e9mique - Ensemble, trouvons de nouvelles solutions !","og_description":"Th\u00e9rapeute et consultante, j&rsquo;ai cr\u00e9\u00e9 SOLICIM pour accompagner les particuliers et les professionnels dans la recherche de nouvelles solutions \u00e0 leurs probl\u00e9matiques, particuli\u00e8rement lorsque leurs tentatives pr\u00e9c\u00e9dentes se sont r\u00e9v\u00e9l\u00e9es infructueuses. Tous mes accompagnements se basent sur le mod\u00e8le syst\u00e9mique &hellip; Lire la suite\u00ad\u00ad","og_url":"https:\/\/solicim.fr\/","og_site_name":"Ensemble, trouvons de nouvelles solutions !","article_publisher":"https:\/\/www.facebook.com\/profile.php?id=100089561061643","article_modified_time":"2025-03-09T11:05:56+00:00","og_image":[{"width":962,"height":451,"url":"https:\/\/solicim.fr\/wp-content\/uploads\/2023\/03\/SOLICIM-fond-blanc.png","type":"image\/png"}],"twitter_card":"summary_large_image","twitter_misc":{"Dur\u00e9e de lecture estim\u00e9e":"2 minutes"},"schema":{"@context":"https:\/\/schema.org","@graph":[{"@type":"WebPage","@id":"https:\/\/solicim.fr\/","url":"https:\/\/solicim.fr\/","name":"Caroline Oberlin - Th\u00e9rapie Br\u00e8ve Syst\u00e9mique - Ensemble, trouvons de nouvelles solutions !","isPartOf":{"@id":"https:\/\/solicim.fr\/#website"},"primaryImageOfPage":{"@id":"https:\/\/solicim.fr\/#primaryimage"},"image":{"@id":"https:\/\/solicim.fr\/#primaryimage"},"thumbnailUrl":"https:\/\/solicim.fr\/wp-content\/uploads\/2023\/03\/SOLICIM-fond-blanc.png","datePublished":"2023-02-27T19:50:04+00:00","dateModified":"2025-03-09T11:05:56+00:00","breadcrumb":{"@id":"https:\/\/solicim.fr\/#breadcrumb"},"inLanguage":"fr-FR","potentialAction":[{"@type":"ReadAction","target":["https:\/\/solicim.fr\/"]}]},{"@type":"ImageObject","inLanguage":"fr-FR","@id":"https:\/\/solicim.fr\/#primaryimage","url":"https:\/\/solicim.fr\/wp-content\/uploads\/2023\/03\/SOLICIM-fond-blanc.png","contentUrl":"https:\/\/solicim.fr\/wp-content\/uploads\/2023\/03\/SOLICIM-fond-blanc.png","width":962,"height":451},{"@type":"BreadcrumbList","@id":"https:\/\/solicim.fr\/#breadcrumb","itemListElement":[{"@type":"ListItem","position":1,"name":"Accueil","item":"https:\/\/solicim.fr\/"},{"@type":"ListItem","position":2,"name":"Caroline Oberlin &#8211; Th\u00e9rapie Br\u00e8ve Syst\u00e9mique"}]},{"@type":"WebSite","@id":"https:\/\/solicim.fr\/#website","url":"https:\/\/solicim.fr\/","name":"www.solicim.fr","description":"Th\u00e9rapeute et consultante syst\u00e9mique au service des particuliers et des entreprises","publisher":{"@id":"https:\/\/solicim.fr\/#organization"},"potentialAction":[{"@type":"SearchAction","target":{"@type":"EntryPoint","urlTemplate":"https:\/\/solicim.fr\/?s={search_term_string}"},"query-input":{"@type":"PropertyValueSpecification","valueRequired":true,"valueName":"search_term_string"}}],"inLanguage":"fr-FR"},{"@type":"Organization","@id":"https:\/\/solicim.fr\/#organization","name":"caroline oberlin","url":"https:\/\/solicim.fr\/","logo":{"@type":"ImageObject","inLanguage":"fr-FR","@id":"https:\/\/solicim.fr\/#\/schema\/logo\/image\/","url":"https:\/\/solicim.fr\/wp-content\/uploads\/2023\/03\/cropped-cropped-SOLICIM_net-1.png","contentUrl":"https:\/\/solicim.fr\/wp-content\/uploads\/2023\/03\/cropped-cropped-SOLICIM_net-1.png","width":512,"height":512,"caption":"caroline oberlin"},"image":{"@id":"https:\/\/solicim.fr\/#\/schema\/logo\/image\/"},"sameAs":["https:\/\/www.facebook.com\/profile.php?id=100089561061643","https:\/\/www.linkedin.com\/in\/caroline-oberlin-92b3a525\/","https:\/\/www.instagram.com\/carolineoberlin_therapie_breve\/"]}]}},"jetpack_sharing_enabled":true,"_links":{"self":[{"href":"https:\/\/solicim.fr\/index.php?rest_route=\/wp\/v2\/pages\/2","targetHints":{"allow":["GET"]}}],"collection":[{"href":"https:\/\/solicim.fr\/index.php?rest_route=\/wp\/v2\/pages"}],"about":[{"href":"https:\/\/solicim.fr\/index.php?rest_route=\/wp\/v2\/types\/page"}],"author":[{"embeddable":true,"href":"https:\/\/solicim.fr\/index.php?rest_route=\/wp\/v2\/users\/1"}],"replies":[{"embeddable":true,"href":"https:\/\/solicim.fr\/index.php?rest_route=%2Fwp%2Fv2%2Fcomments&post=2"}],"version-history":[{"count":174,"href":"https:\/\/solicim.fr\/index.php?rest_route=\/wp\/v2\/pages\/2\/revisions"}],"predecessor-version":[{"id":1381,"href":"https:\/\/solicim.fr\/index.php?rest_route=\/wp\/v2\/pages\/2\/revisions\/1381"}],"wp:featuredmedia":[{"embeddable":true,"href":"https:\/\/solicim.fr\/index.php?rest_route=\/wp\/v2\/media\/51"}],"wp:attachment":[{"href":"https:\/\/solicim.fr\/index.php?rest_route=%2Fwp%2Fv2%2Fmedia&parent=2"}],"curies":[{"name":"wp","href":"https:\/\/api.w.org\/{rel}","templated":true}]}}